{"id":576,"date":"2022-03-21T07:21:11","date_gmt":"2022-03-21T07:21:11","guid":{"rendered":"https:\/\/ancaje.es\/index.php\/home\/"},"modified":"2023-04-09T21:21:21","modified_gmt":"2023-04-09T21:21:21","slug":"home","status":"publish","type":"page","link":"https:\/\/ancaje.es\/","title":{"rendered":"Home"},"content":{"rendered":"\t\t<div data-elementor-type=\"wp-page\" data-elementor-id=\"576\" class=\"elementor elementor-576\">\n\t\t\t\t\t\t<section class=\"elementor-section elementor-top-section elementor-element elementor-element-2981775 elementor-section-boxed elementor-section-height-default elementor-section-height-default\" data-id=\"2981775\" data-element_type=\"section\" data-settings=\"{&quot;background_background&quot;:&quot;classic&quot;}\">\n\t\t\t\t\t\t\t<div class=\"elementor-background-overlay\"><\/div>\n\t\t\t\t\t\t\t<div class=\"elementor-container elementor-column-gap-no\">\n\t\t\t\t\t<div class=\"elementor-column elementor-col-50 elementor-top-column elementor-element elementor-element-08596d3\" data-id=\"08596d3\" data-element_type=\"column\">\n\t\t\t<div class=\"elementor-widget-wrap elementor-element-populated\">\n\t\t\t\t\t\t<div class=\"elementor-element elementor-element-fb451fb elementor-widget elementor-widget-image-box\" data-id=\"fb451fb\" data-element_type=\"widget\" data-widget_type=\"image-box.default\">\n\t\t\t\t<div class=\"elementor-widget-container\">\n\t\t\t\t\t<div class=\"elementor-image-box-wrapper\"><div class=\"elementor-image-box-content\"><h1 class=\"elementor-image-box-title\">Estudiar Ingenier\u00eda puede ser dif\u00edcil...<\/h1><p class=\"elementor-image-box-description\">Te dejamos algunos tips que puedes seguir.<\/p><\/div><\/div>\t\t\t\t<\/div>\n\t\t\t\t<\/div>\n\t\t\t\t<div class=\"elementor-element elementor-element-81ca552 elementor-widget elementor-widget-button\" data-id=\"81ca552\" data-element_type=\"widget\" data-widget_type=\"button.default\">\n\t\t\t\t<div class=\"elementor-widget-container\">\n\t\t\t\t\t\t\t\t\t<div class=\"elementor-button-wrapper\">\n\t\t\t\t\t<a class=\"elementor-button elementor-button-link elementor-size-md\" href=\"https:\/\/ancaje.es\/index.php\/articulos\/\">\n\t\t\t\t\t\t<span class=\"elementor-button-content-wrapper\">\n\t\t\t\t\t\t\t\t\t<span class=\"elementor-button-text\">leer art\u00edculos<\/span>\n\t\t\t\t\t<\/span>\n\t\t\t\t\t<\/a>\n\t\t\t\t<\/div>\n\t\t\t\t\t\t\t\t<\/div>\n\t\t\t\t<\/div>\n\t\t\t\t<div class=\"elementor-element elementor-element-611ab62 elementor-widget elementor-widget-image\" data-id=\"611ab62\" data-element_type=\"widget\" data-widget_type=\"image.default\">\n\t\t\t\t<div class=\"elementor-widget-container\">\n\t\t\t\t\t\t\t\t\t\t\t\t\t\t\t<img fetchpriority=\"high\" decoding=\"async\" width=\"342\" height=\"199\" src=\"https:\/\/ancaje.es\/wp-content\/uploads\/2022\/03\/dotted-pattern.png\" class=\"attachment-large size-large wp-image-626\" alt=\"\" srcset=\"https:\/\/ancaje.es\/wp-content\/uploads\/2022\/03\/dotted-pattern.png 342w, https:\/\/ancaje.es\/wp-content\/uploads\/2022\/03\/dotted-pattern-300x175.png 300w\" sizes=\"(max-width: 342px) 100vw, 342px\" \/>\t\t\t\t\t\t\t\t\t\t\t\t\t\t\t<\/div>\n\t\t\t\t<\/div>\n\t\t\t\t\t<\/div>\n\t\t<\/div>\n\t\t\t\t<div class=\"elementor-column elementor-col-50 elementor-top-column elementor-element elementor-element-2068237\" data-id=\"2068237\" data-element_type=\"column\">\n\t\t\t<div class=\"elementor-widget-wrap elementor-element-populated\">\n\t\t\t\t\t\t<div class=\"elementor-element elementor-element-96f04b0 elementor-widget elementor-widget-image\" data-id=\"96f04b0\" data-element_type=\"widget\" data-widget_type=\"image.default\">\n\t\t\t\t<div class=\"elementor-widget-container\">\n\t\t\t\t\t\t\t\t\t\t\t\t\t\t\t<img decoding=\"async\" width=\"803\" height=\"914\" src=\"https:\/\/ancaje.es\/wp-content\/uploads\/2022\/03\/home-hero-img.jpg\" class=\"attachment-full size-full wp-image-589\" alt=\"\" srcset=\"https:\/\/ancaje.es\/wp-content\/uploads\/2022\/03\/home-hero-img.jpg 803w, https:\/\/ancaje.es\/wp-content\/uploads\/2022\/03\/home-hero-img-264x300.jpg 264w, https:\/\/ancaje.es\/wp-content\/uploads\/2022\/03\/home-hero-img-768x874.jpg 768w\" sizes=\"(max-width: 803px) 100vw, 803px\" \/>\t\t\t\t\t\t\t\t\t\t\t\t\t\t\t<\/div>\n\t\t\t\t<\/div>\n\t\t\t\t\t<\/div>\n\t\t<\/div>\n\t\t\t\t\t<\/div>\n\t\t<\/section>\n\t\t\t\t<\/div>\n\t\t","protected":false},"excerpt":{"rendered":"<p>Estudiar Ingenier\u00eda puede ser dif\u00edcil&#8230; Te dejamos algunos tips que puedes seguir. leer art\u00edculos<\/p>\n","protected":false},"author":2,"featured_media":0,"parent":0,"menu_order":0,"comment_status":"closed","ping_status":"closed","template":"","meta":{"om_disable_all_campaigns":false,"_monsterinsights_skip_tracking":false,"_monsterinsights_sitenote_active":false,"_monsterinsights_sitenote_note":"","_monsterinsights_sitenote_category":0,"site-sidebar-layout":"no-sidebar","site-content-layout":"page-builder","ast-global-header-display":"","ast-main-header-display":"","ast-hfb-above-header-display":"","ast-hfb-below-header-display":"","ast-hfb-mobile-header-display":"","site-post-title":"disabled","ast-breadcrumbs-content":"","ast-featured-img":"disabled","footer-sml-layout":"","theme-transparent-header-meta":"","adv-header-id-meta":"","stick-header-meta":"","header-above-stick-meta":"","header-main-stick-meta":"","header-below-stick-meta":"","footnotes":""},"aioseo_notices":[],"_links":{"self":[{"href":"https:\/\/ancaje.es\/index.php\/wp-json\/wp\/v2\/pages\/576"}],"collection":[{"href":"https:\/\/ancaje.es\/index.php\/wp-json\/wp\/v2\/pages"}],"about":[{"href":"https:\/\/ancaje.es\/index.php\/wp-json\/wp\/v2\/types\/page"}],"author":[{"embeddable":true,"href":"https:\/\/ancaje.es\/index.php\/wp-json\/wp\/v2\/users\/2"}],"replies":[{"embeddable":true,"href":"https:\/\/ancaje.es\/index.php\/wp-json\/wp\/v2\/comments?post=576"}],"version-history":[{"count":19,"href":"https:\/\/ancaje.es\/index.php\/wp-json\/wp\/v2\/pages\/576\/revisions"}],"predecessor-version":[{"id":822,"href":"https:\/\/ancaje.es\/index.php\/wp-json\/wp\/v2\/pages\/576\/revisions\/822"}],"wp:attachment":[{"href":"https:\/\/ancaje.es\/index.php\/wp-json\/wp\/v2\/media?parent=576"}],"curies":[{"name":"wp","href":"https:\/\/api.w.org\/{rel}","templated":true}]}}